{"id":196,"date":"2023-09-27T13:54:41","date_gmt":"2023-09-27T16:54:41","guid":{"rendered":"https:\/\/saudemaisconsult.com.br\/portal\/?page_id=196"},"modified":"2023-09-27T16:11:03","modified_gmt":"2023-09-27T19:11:03","slug":"producao-e-comissao","status":"publish","type":"page","link":"https:\/\/saudemaisconsult.com.br\/portal\/producao-e-comissao\/","title":{"rendered":"Produ\u00e7\u00e3o e Comiss\u00e3o"},"content":{"rendered":"<p>[et_pb_section fb_built=&#8221;1&#8243; _builder_version=&#8221;4.22.2&#8243; _module_preset=&#8221;default&#8221; custom_margin=&#8221;0px||0px||true|false&#8221; custom_padding=&#8221;0px||0px||true|false&#8221; global_colors_info=&#8221;{}&#8221;][et_pb_row _builder_version=&#8221;4.22.2&#8243; _module_preset=&#8221;default&#8221; global_colors_info=&#8221;{}&#8221;][et_pb_column type=&#8221;4_4&#8243; _builder_version=&#8221;4.22.2&#8243; _module_preset=&#8221;default&#8221; global_colors_info=&#8221;{}&#8221;][et_pb_code _builder_version=&#8221;4.22.2&#8243; _module_preset=&#8221;default&#8221; hover_enabled=&#8221;0&#8243; global_colors_info=&#8221;{}&#8221; sticky_enabled=&#8221;0&#8243;]<iframe loading=\"lazy\" id=\"frame\" src=\"https:\/\/app.paineldocorretor.com.br\/?hash=PW6Ery&#038;somente-conteudo=false\" width=\"1450\" height=\"1000\" vspace=\"30\" frameborder=\"0\" scrolling=\"yes\"><!-- [et_pb_line_break_holder] --><\/iframe>[\/et_pb_code][\/et_pb_column][\/et_pb_row][\/et_pb_section]<\/p>\n","protected":false},"excerpt":{"rendered":"","protected":false},"author":1,"featured_media":0,"parent":0,"menu_order":0,"comment_status":"closed","ping_status":"closed","template":"page-template-blank.php","meta":{"_et_pb_use_builder":"on","_et_pb_old_content":"","_et_gb_content_width":"","footnotes":""},"class_list":["post-196","page","type-page","status-publish","hentry"],"aioseo_notices":[],"jetpack_sharing_enabled":true,"_links":{"self":[{"href":"https:\/\/saudemaisconsult.com.br\/portal\/wp-json\/wp\/v2\/pages\/196","targetHints":{"allow":["GET"]}}],"collection":[{"href":"https:\/\/saudemaisconsult.com.br\/portal\/wp-json\/wp\/v2\/pages"}],"about":[{"href":"https:\/\/saudemaisconsult.com.br\/portal\/wp-json\/wp\/v2\/types\/page"}],"author":[{"embeddable":true,"href":"https:\/\/saudemaisconsult.com.br\/portal\/wp-json\/wp\/v2\/users\/1"}],"replies":[{"embeddable":true,"href":"https:\/\/saudemaisconsult.com.br\/portal\/wp-json\/wp\/v2\/comments?post=196"}],"version-history":[{"count":7,"href":"https:\/\/saudemaisconsult.com.br\/portal\/wp-json\/wp\/v2\/pages\/196\/revisions"}],"predecessor-version":[{"id":211,"href":"https:\/\/saudemaisconsult.com.br\/portal\/wp-json\/wp\/v2\/pages\/196\/revisions\/211"}],"wp:attachment":[{"href":"https:\/\/saudemaisconsult.com.br\/portal\/wp-json\/wp\/v2\/media?parent=196"}],"curies":[{"name":"wp","href":"https:\/\/api.w.org\/{rel}","templated":true}]}}